{"id":1075,"date":"2023-03-17T17:06:55","date_gmt":"2023-03-17T17:06:55","guid":{"rendered":"https:\/\/theproduxers.com\/?page_id=1075"},"modified":"2024-08-08T22:19:31","modified_gmt":"2024-08-08T22:19:31","slug":"intelijobs","status":"publish","type":"page","link":"https:\/\/theproduxers.com\/es\/projects\/intelijobs\/","title":{"rendered":"Intelijobs"},"content":{"rendered":"<div data-elementor-type=\"wp-page\" data-elementor-id=\"1075\" class=\"elementor elementor-1075\" data-elementor-post-type=\"page\">\n\t\t\t\t\t\t<section class=\"elementor-section elementor-top-section elementor-element elementor-element-b8efe76 elementor-section-boxed elementor-section-height-default elementor-section-height-default\" data-id=\"b8efe76\" data-element_type=\"section\" data-e-type=\"section\" data-settings=\"{&quot;background_background&quot;:&quot;classic&quot;}\">\n\t\t\t\t\t\t<div class=\"elementor-container elementor-column-gap-default\">\n\t\t\t\t\t<div class=\"elementor-column elementor-col-100 elementor-top-column elementor-element elementor-element-37cae27\" data-id=\"37cae27\" data-element_type=\"column\" data-e-type=\"column\">\n\t\t\t<div class=\"elementor-widget-wrap elementor-element-populated\">\n\t\t\t\t\t\t<section class=\"elementor-section elementor-inner-section elementor-element elementor-element-fa24d43 elementor-section-boxed elementor-section-height-default elementor-section-height-default\" data-id=\"fa24d43\" data-element_type=\"section\" data-e-type=\"section\">\n\t\t\t\t\t\t<div class=\"elementor-container elementor-column-gap-default\">\n\t\t\t\t\t<div class=\"elementor-column elementor-col-50 elementor-inner-column elementor-element elementor-element-d392bb3\" data-id=\"d392bb3\" data-element_type=\"column\" data-e-type=\"column\">\n\t\t\t<div class=\"elementor-widget-wrap elementor-element-populated\">\n\t\t\t\t\t\t<div class=\"elementor-element elementor-element-4871cc4 elementor-widget elementor-widget-image\" data-id=\"4871cc4\" data-element_type=\"widget\" data-e-type=\"widget\" data-widget_type=\"image.default\">\n\t\t\t\t\t\t\t\t\t\t\t\t\t\t\t<img decoding=\"async\" width=\"357\" height=\"76\" src=\"https:\/\/theproduxers.com\/wp-content\/uploads\/2023\/03\/imagotype-intelijobs.png\" class=\"attachment-full size-full wp-image-1081\" alt=\"\" srcset=\"https:\/\/theproduxers.com\/wp-content\/uploads\/2023\/03\/imagotype-intelijobs.png 357w, https:\/\/theproduxers.com\/wp-content\/uploads\/2023\/03\/imagotype-intelijobs-300x64.png 300w\" sizes=\"(max-width: 357px) 100vw, 357px\" \/>\t\t\t\t\t\t\t\t\t\t\t\t\t\t\t<\/div>\n\t\t\t\t<div class=\"elementor-element elementor-element-69cf414 elementor-widget elementor-widget-heading\" data-id=\"69cf414\" data-element_type=\"widget\" data-e-type=\"widget\" data-widget_type=\"heading.default\">\n\t\t\t\t\t<h1 class=\"elementor-heading-title elementor-size-default\">UNA BOLSA DE EMPLEO QUE AYUDA A LAS ORGANIZACIONES<\/h1>\t\t\t\t<\/div>\n\t\t\t\t<div class=\"elementor-element elementor-element-8cafcc2 elementor-widget elementor-widget-text-editor\" data-id=\"8cafcc2\" data-element_type=\"widget\" data-e-type=\"widget\" data-widget_type=\"text-editor.default\">\n\t\t\t\t\t\t\t\t\t<p>Whit a para crear descripciones de puestos y evaluar candidatos. publicar\u00e1 puesto de trabajo en linkedin, de hecho, la pieza de un solo lugar<\/p>\t\t\t\t\t\t\t\t<\/div>\n\t\t\t\t<div class=\"elementor-element elementor-element-f90164f elementor-align-center elementor-widget__width-auto elementor-mobile-align-justify elementor-widget-mobile__width-inherit elementor-widget elementor-widget-button\" data-id=\"f90164f\" data-element_type=\"widget\" data-e-type=\"widget\" data-widget_type=\"button.default\">\n\t\t\t\t\t\t\t\t\t\t<a class=\"elementor-button elementor-button-link elementor-size-sm\" href=\"https:\/\/theproduxers.com\/es\/contact-us\/\">\n\t\t\t\t\t\t<span class=\"elementor-button-content-wrapper\">\n\t\t\t\t\t\t\t\t\t<span class=\"elementor-button-text\">\u00a1Vamos a hacerlo!<\/span>\n\t\t\t\t\t<\/span>\n\t\t\t\t\t<\/a>\n\t\t\t\t\t\t\t\t<\/div>\n\t\t\t\t\t<\/div>\n\t\t<\/div>\n\t\t\t\t<div class=\"elementor-column elementor-col-50 elementor-inner-column elementor-element elementor-element-e13adea\" data-id=\"e13adea\" data-element_type=\"column\" data-e-type=\"column\">\n\t\t\t<div class=\"elementor-widget-wrap\">\n\t\t\t\t\t\t\t<\/div>\n\t\t<\/div>\n\t\t\t\t\t<\/div>\n\t\t<\/section>\n\t\t\t\t\t<\/div>\n\t\t<\/div>\n\t\t\t\t\t<\/div>\n\t\t<\/section>\n\t\t\t\t<section class=\"elementor-section elementor-top-section elementor-element elementor-element-b78a27b elementor-section-boxed elementor-section-height-default elementor-section-height-default\" data-id=\"b78a27b\" data-element_type=\"section\" data-e-type=\"section\" id=\"intelijobs\" data-settings=\"{&quot;background_background&quot;:&quot;classic&quot;}\">\n\t\t\t\t\t\t<div class=\"elementor-container elementor-column-gap-default\">\n\t\t\t\t\t<div class=\"elementor-column elementor-col-100 elementor-top-column elementor-element elementor-element-578d5cb\" data-id=\"578d5cb\" data-element_type=\"column\" data-e-type=\"column\">\n\t\t\t<div class=\"elementor-widget-wrap elementor-element-populated\">\n\t\t\t\t\t\t<section class=\"elementor-section elementor-inner-section elementor-element elementor-element-2b7df66 elementor-section-boxed elementor-section-height-default elementor-section-height-default\" data-id=\"2b7df66\" data-element_type=\"section\" data-e-type=\"section\">\n\t\t\t\t\t\t<div class=\"elementor-container elementor-column-gap-default\">\n\t\t\t\t\t<div class=\"elementor-column elementor-col-100 elementor-inner-column elementor-element elementor-element-e00f16e\" data-id=\"e00f16e\" data-element_type=\"column\" data-e-type=\"column\">\n\t\t\t<div class=\"elementor-widget-wrap elementor-element-populated\">\n\t\t\t\t\t\t<div class=\"elementor-element elementor-element-b58ac9c elementor-widget elementor-widget-heading\" data-id=\"b58ac9c\" data-element_type=\"widget\" data-e-type=\"widget\" data-widget_type=\"heading.default\">\n\t\t\t\t\t<h2 class=\"elementor-heading-title elementor-size-default\">SOBRE INTELIJOBS<\/h2>\t\t\t\t<\/div>\n\t\t\t\t<div class=\"elementor-element elementor-element-07a7b9c elementor-widget-divider--view-line elementor-widget elementor-widget-divider\" data-id=\"07a7b9c\" data-element_type=\"widget\" data-e-type=\"widget\" data-widget_type=\"divider.default\">\n\t\t\t\t\t\t\t<div class=\"elementor-divider\">\n\t\t\t<span class=\"elementor-divider-separator\">\n\t\t\t\t\t\t<\/span>\n\t\t<\/div>\n\t\t\t\t\t\t<\/div>\n\t\t\t\t\t<\/div>\n\t\t<\/div>\n\t\t\t\t\t<\/div>\n\t\t<\/section>\n\t\t\t\t<section class=\"elementor-section elementor-inner-section elementor-element elementor-element-0a49e42 elementor-section-content-middle elementor-section-boxed elementor-section-height-default elementor-section-height-default\" data-id=\"0a49e42\" data-element_type=\"section\" data-e-type=\"section\">\n\t\t\t\t\t\t<div class=\"elementor-container elementor-column-gap-default\">\n\t\t\t\t\t<div class=\"elementor-column elementor-col-50 elementor-inner-column elementor-element elementor-element-59faca2\" data-id=\"59faca2\" data-element_type=\"column\" data-e-type=\"column\">\n\t\t\t<div class=\"elementor-widget-wrap elementor-element-populated\">\n\t\t\t\t\t\t<div class=\"elementor-element elementor-element-126b5cc elementor-widget elementor-widget-text-editor\" data-id=\"126b5cc\" data-element_type=\"widget\" data-e-type=\"widget\" data-widget_type=\"text-editor.default\">\n\t\t\t\t\t\t\t\t\t<p>Es un administrador de bolsa de trabajo que simplifica el proceso de contrataci\u00f3n para las organizaciones mediante el uso de IA para crear descripciones de trabajo y evaluar candidatos. Los reclutadores ya no necesitan luchar con conceptos tecnol\u00f3gicos profundos como la recursividad del desarrollo y los patrones de dise\u00f1o de software al crear descripciones de puestos.<\/p>\t\t\t\t\t\t\t\t<\/div>\n\t\t\t\t<div class=\"elementor-element elementor-element-d06ea8c elementor-align-right elementor-mobile-align-justify elementor-widget-mobile__width-inherit elementor-widget elementor-widget-button\" data-id=\"d06ea8c\" data-element_type=\"widget\" data-e-type=\"widget\" data-widget_type=\"button.default\">\n\t\t\t\t\t\t\t\t\t\t<a class=\"elementor-button elementor-button-link elementor-size-sm\" href=\"https:\/\/theproduxers.com\/es\/ux-design-and-optimization\/\">\n\t\t\t\t\t\t<span class=\"elementor-button-content-wrapper\">\n\t\t\t\t\t\t\t\t\t<span class=\"elementor-button-text\">M\u00e1s informaci\u00f3n sobre el proceso de dise\u00f1o<\/span>\n\t\t\t\t\t<\/span>\n\t\t\t\t\t<\/a>\n\t\t\t\t\t\t\t\t<\/div>\n\t\t\t\t\t<\/div>\n\t\t<\/div>\n\t\t\t\t<div class=\"elementor-column elementor-col-50 elementor-inner-column elementor-element elementor-element-c3813fa\" data-id=\"c3813fa\" data-element_type=\"column\" data-e-type=\"column\">\n\t\t\t<div class=\"elementor-widget-wrap elementor-element-populated\">\n\t\t\t\t\t\t<div class=\"elementor-element elementor-element-f46e1c8 elementor-widget elementor-widget-image\" data-id=\"f46e1c8\" data-element_type=\"widget\" data-e-type=\"widget\" data-widget_type=\"image.default\">\n\t\t\t\t\t\t\t\t\t\t\t\t\t\t\t<img fetchpriority=\"high\" decoding=\"async\" width=\"721\" height=\"316\" src=\"https:\/\/theproduxers.com\/wp-content\/uploads\/2023\/03\/intelijobs-mockup-01.png\" class=\"attachment-full size-full wp-image-1082\" alt=\"\" srcset=\"https:\/\/theproduxers.com\/wp-content\/uploads\/2023\/03\/intelijobs-mockup-01.png 721w, https:\/\/theproduxers.com\/wp-content\/uploads\/2023\/03\/intelijobs-mockup-01-600x263.png 600w, https:\/\/theproduxers.com\/wp-content\/uploads\/2023\/03\/intelijobs-mockup-01-300x131.png 300w\" sizes=\"(max-width: 721px) 100vw, 721px\" \/>\t\t\t\t\t\t\t\t\t\t\t\t\t\t\t<\/div>\n\t\t\t\t\t<\/div>\n\t\t<\/div>\n\t\t\t\t\t<\/div>\n\t\t<\/section>\n\t\t\t\t<section class=\"elementor-section elementor-inner-section elementor-element elementor-element-5470e01 elementor-section-boxed elementor-section-height-default elementor-section-height-default\" data-id=\"5470e01\" data-element_type=\"section\" data-e-type=\"section\">\n\t\t\t\t\t\t<div class=\"elementor-container elementor-column-gap-default\">\n\t\t\t\t\t<div class=\"elementor-column elementor-col-100 elementor-inner-column elementor-element elementor-element-3251f3c\" data-id=\"3251f3c\" data-element_type=\"column\" data-e-type=\"column\">\n\t\t\t<div class=\"elementor-widget-wrap elementor-element-populated\">\n\t\t\t\t\t\t<div class=\"elementor-element elementor-element-940f8fe elementor-widget elementor-widget-heading\" data-id=\"940f8fe\" data-element_type=\"widget\" data-e-type=\"widget\" data-widget_type=\"heading.default\">\n\t\t\t\t\t<h2 class=\"elementor-heading-title elementor-size-default\">EJEMPLO DE ESTUDIO DE CASO<\/h2>\t\t\t\t<\/div>\n\t\t\t\t<div class=\"elementor-element elementor-element-81902a4 elementor-widget-divider--view-line elementor-widget elementor-widget-divider\" data-id=\"81902a4\" data-element_type=\"widget\" data-e-type=\"widget\" data-widget_type=\"divider.default\">\n\t\t\t\t\t\t\t<div class=\"elementor-divider\">\n\t\t\t<span class=\"elementor-divider-separator\">\n\t\t\t\t\t\t<\/span>\n\t\t<\/div>\n\t\t\t\t\t\t<\/div>\n\t\t\t\t\t<\/div>\n\t\t<\/div>\n\t\t\t\t\t<\/div>\n\t\t<\/section>\n\t\t\t\t<section class=\"elementor-section elementor-inner-section elementor-element elementor-element-161f685 elementor-section-content-middle elementor-section-boxed elementor-section-height-default elementor-section-height-default\" data-id=\"161f685\" data-element_type=\"section\" data-e-type=\"section\">\n\t\t\t\t\t\t<div class=\"elementor-container elementor-column-gap-default\">\n\t\t\t\t\t<div class=\"elementor-column elementor-col-50 elementor-inner-column elementor-element elementor-element-ddc5fb5\" data-id=\"ddc5fb5\" data-element_type=\"column\" data-e-type=\"column\">\n\t\t\t<div class=\"elementor-widget-wrap elementor-element-populated\">\n\t\t\t\t\t\t<div class=\"elementor-element elementor-element-bd8cce5 elementor-widget elementor-widget-image\" data-id=\"bd8cce5\" data-element_type=\"widget\" data-e-type=\"widget\" data-widget_type=\"image.default\">\n\t\t\t\t\t\t\t\t\t\t\t\t\t\t\t<img decoding=\"async\" width=\"737\" height=\"520\" src=\"https:\/\/theproduxers.com\/wp-content\/uploads\/2023\/03\/image-post.png\" class=\"attachment-full size-full wp-image-1080\" alt=\"\" srcset=\"https:\/\/theproduxers.com\/wp-content\/uploads\/2023\/03\/image-post.png 737w, https:\/\/theproduxers.com\/wp-content\/uploads\/2023\/03\/image-post-600x423.png 600w, https:\/\/theproduxers.com\/wp-content\/uploads\/2023\/03\/image-post-300x212.png 300w\" sizes=\"(max-width: 737px) 100vw, 737px\" \/>\t\t\t\t\t\t\t\t\t\t\t\t\t\t\t<\/div>\n\t\t\t\t\t<\/div>\n\t\t<\/div>\n\t\t\t\t<div class=\"elementor-column elementor-col-50 elementor-inner-column elementor-element elementor-element-3f84632\" data-id=\"3f84632\" data-element_type=\"column\" data-e-type=\"column\">\n\t\t\t<div class=\"elementor-widget-wrap elementor-element-populated\">\n\t\t\t\t\t\t<div class=\"elementor-element elementor-element-48977ec elementor-widget elementor-widget-text-editor\" data-id=\"48977ec\" data-element_type=\"widget\" data-e-type=\"widget\" data-widget_type=\"text-editor.default\">\n\t\t\t\t\t\t\t\t\t<p>A un reclutador de una empresa de tecnolog\u00eda se le encomend\u00f3 la tarea de encontrar un desarrollador con habilidades t\u00e9cnicas espec\u00edficas, pero carec\u00eda de la experiencia t\u00e9cnica para escribir una descripci\u00f3n de trabajo completa. Intelijobs los ayud\u00f3 a crear una descripci\u00f3n de trabajo utilizando IA, que transmiti\u00f3 con precisi\u00f3n las habilidades t\u00e9cnicas y la experiencia requeridas.<\/p><p>Luego, la plataforma public\u00f3 el puesto de trabajo en varias plataformas, lo que le ahorr\u00f3 tiempo y esfuerzo al reclutador. Con la ayuda de las herramientas de evaluaci\u00f3n de Intelijobs, el reclutador pudo evaluar r\u00e1pidamente a los candidatos calificados, lo que finalmente hizo que el proceso de contrataci\u00f3n fuera m\u00e1s fluido y eficiente.<\/p>\t\t\t\t\t\t\t\t<\/div>\n\t\t\t\t\t<\/div>\n\t\t<\/div>\n\t\t\t\t\t<\/div>\n\t\t<\/section>\n\t\t\t\t\t<\/div>\n\t\t<\/div>\n\t\t\t\t\t<\/div>\n\t\t<\/section>\n\t\t\t\t<section class=\"elementor-section elementor-top-section elementor-element elementor-element-1ddac7d elementor-section-height-min-height elementor-section-boxed elementor-section-height-default elementor-section-items-middle\" data-id=\"1ddac7d\" data-element_type=\"section\" data-e-type=\"section\" data-settings=\"{&quot;background_background&quot;:&quot;gradient&quot;}\">\n\t\t\t\t\t\t<div class=\"elementor-container elementor-column-gap-default\">\n\t\t\t\t\t<div class=\"elementor-column elementor-col-100 elementor-top-column elementor-element elementor-element-acddb83\" data-id=\"acddb83\" data-element_type=\"column\" data-e-type=\"column\">\n\t\t\t<div class=\"elementor-widget-wrap elementor-element-populated\">\n\t\t\t\t\t\t<section class=\"elementor-section elementor-inner-section elementor-element elementor-element-6d5833e elementor-section-content-middle elementor-section-boxed elementor-section-height-default elementor-section-height-default\" data-id=\"6d5833e\" data-element_type=\"section\" data-e-type=\"section\">\n\t\t\t\t\t\t<div class=\"elementor-container elementor-column-gap-default\">\n\t\t\t\t\t<div class=\"elementor-column elementor-col-50 elementor-inner-column elementor-element elementor-element-f587eae\" data-id=\"f587eae\" data-element_type=\"column\" data-e-type=\"column\">\n\t\t\t<div class=\"elementor-widget-wrap elementor-element-populated\">\n\t\t\t\t\t\t<div class=\"elementor-element elementor-element-c62ebbb elementor-widget elementor-widget-heading\" data-id=\"c62ebbb\" data-element_type=\"widget\" data-e-type=\"widget\" data-widget_type=\"heading.default\">\n\t\t\t\t\t<h2 class=\"elementor-heading-title elementor-size-default\">\u00bfEST\u00c1S BUSCANDO CREAR UN GRAN PRODUCTO DIGITAL NUEVO?<\/h2>\t\t\t\t<\/div>\n\t\t\t\t<div class=\"elementor-element elementor-element-63c3f71 elementor-widget elementor-widget-text-editor\" data-id=\"63c3f71\" data-element_type=\"widget\" data-e-type=\"widget\" data-widget_type=\"text-editor.default\">\n\t\t\t\t\t\t\t\t\t<p>\u00a1Ponte en contacto y comencemos a construir juntos el pr\u00f3ximo gran producto digital!<\/p>\t\t\t\t\t\t\t\t<\/div>\n\t\t\t\t<div class=\"elementor-element elementor-element-4439e4e elementor-widget-divider--view-line elementor-widget elementor-widget-divider\" data-id=\"4439e4e\" data-element_type=\"widget\" data-e-type=\"widget\" data-widget_type=\"divider.default\">\n\t\t\t\t\t\t\t<div class=\"elementor-divider\">\n\t\t\t<span class=\"elementor-divider-separator\">\n\t\t\t\t\t\t<\/span>\n\t\t<\/div>\n\t\t\t\t\t\t<\/div>\n\t\t\t\t<div class=\"elementor-element elementor-element-f3bf17c elementor-align-left elementor-mobile-align-justify elementor-widget elementor-widget-button\" data-id=\"f3bf17c\" data-element_type=\"widget\" data-e-type=\"widget\" data-widget_type=\"button.default\">\n\t\t\t\t\t\t\t\t\t\t<a class=\"elementor-button elementor-button-link elementor-size-sm\" href=\"#elementor-action%3Aaction%3Dpopup%3Aopen%26settings%3DeyJpZCI6IjY1NyIsInRvZ2dsZSI6ZmFsc2V9\">\n\t\t\t\t\t\t<span class=\"elementor-button-content-wrapper\">\n\t\t\t\t\t\t\t\t\t<span class=\"elementor-button-text\">Estima tu proyecto<\/span>\n\t\t\t\t\t<\/span>\n\t\t\t\t\t<\/a>\n\t\t\t\t\t\t\t\t<\/div>\n\t\t\t\t\t<\/div>\n\t\t<\/div>\n\t\t\t\t<div class=\"elementor-column elementor-col-50 elementor-inner-column elementor-element elementor-element-072eff0\" data-id=\"072eff0\" data-element_type=\"column\" data-e-type=\"column\">\n\t\t\t<div class=\"elementor-widget-wrap elementor-element-populated\">\n\t\t\t\t\t\t<div class=\"elementor-element elementor-element-dda3e08 elementor-widget elementor-widget-image\" data-id=\"dda3e08\" data-element_type=\"widget\" data-e-type=\"widget\" data-widget_type=\"image.default\">\n\t\t\t\t\t\t\t\t\t\t\t\t\t\t\t<img loading=\"lazy\" decoding=\"async\" width=\"343\" height=\"464\" src=\"https:\/\/theproduxers.com\/wp-content\/uploads\/2023\/03\/intelijobs-mockup-02-1.png\" class=\"attachment-large size-large wp-image-1083\" alt=\"\" srcset=\"https:\/\/theproduxers.com\/wp-content\/uploads\/2023\/03\/intelijobs-mockup-02-1.png 343w, https:\/\/theproduxers.com\/wp-content\/uploads\/2023\/03\/intelijobs-mockup-02-1-222x300.png 222w\" sizes=\"(max-width: 343px) 100vw, 343px\" \/>\t\t\t\t\t\t\t\t\t\t\t\t\t\t\t<\/div>\n\t\t\t\t\t<\/div>\n\t\t<\/div>\n\t\t\t\t\t<\/div>\n\t\t<\/section>\n\t\t\t\t\t<\/div>\n\t\t<\/div>\n\t\t\t\t\t<\/div>\n\t\t<\/section>\n\t\t\t\t<\/div>","protected":false},"excerpt":{"rendered":"<p>A JOB BOARD THAT HELPS ORGANIZATIONS Whit a to create job descriptions and assess candidates. it will publish job post at linkedin, indeed, la pieza from one place Let&#8217;s do it! ABOUT INTELIJOBS Is a job board manager that simplifies the hiring process for organizations by using AI to create job descriptions and assess candidates. [&hellip;]<\/p>\n","protected":false},"author":2,"featured_media":0,"parent":1073,"menu_order":0,"comment_status":"closed","ping_status":"closed","template":"elementor_canvas","meta":{"_seopress_robots_primary_cat":"","_seopress_titles_title":"","_seopress_titles_desc":"","_seopress_robots_index":"","footnotes":""},"class_list":["post-1075","page","type-page","status-publish","hentry"],"_links":{"self":[{"href":"https:\/\/theproduxers.com\/es\/wp-json\/wp\/v2\/pages\/1075","targetHints":{"allow":["GET"]}}],"collection":[{"href":"https:\/\/theproduxers.com\/es\/wp-json\/wp\/v2\/pages"}],"about":[{"href":"https:\/\/theproduxers.com\/es\/wp-json\/wp\/v2\/types\/page"}],"author":[{"embeddable":true,"href":"https:\/\/theproduxers.com\/es\/wp-json\/wp\/v2\/users\/2"}],"replies":[{"embeddable":true,"href":"https:\/\/theproduxers.com\/es\/wp-json\/wp\/v2\/comments?post=1075"}],"version-history":[{"count":0,"href":"https:\/\/theproduxers.com\/es\/wp-json\/wp\/v2\/pages\/1075\/revisions"}],"up":[{"embeddable":true,"href":"https:\/\/theproduxers.com\/es\/wp-json\/wp\/v2\/pages\/1073"}],"wp:attachment":[{"href":"https:\/\/theproduxers.com\/es\/wp-json\/wp\/v2\/media?parent=1075"}],"curies":[{"name":"wp","href":"https:\/\/api.w.org\/{rel}","templated":true}]}}