{"id":1193,"date":"2023-03-17T21:16:50","date_gmt":"2023-03-17T21:16:50","guid":{"rendered":"https:\/\/theproduxers.com\/?page_id=1193"},"modified":"2024-08-08T22:18:15","modified_gmt":"2024-08-08T22:18:15","slug":"sunna","status":"publish","type":"page","link":"https:\/\/theproduxers.com\/es\/projects\/sunna\/","title":{"rendered":"SUNNA"},"content":{"rendered":"<div data-elementor-type=\"wp-page\" data-elementor-id=\"1193\" class=\"elementor elementor-1193\" data-elementor-post-type=\"page\">\n\t\t\t\t\t\t<section class=\"elementor-section elementor-top-section elementor-element elementor-element-65ba883 elementor-section-boxed elementor-section-height-default elementor-section-height-default\" data-id=\"65ba883\" data-element_type=\"section\" data-e-type=\"section\" data-settings=\"{&quot;background_background&quot;:&quot;classic&quot;}\">\n\t\t\t\t\t\t<div class=\"elementor-container elementor-column-gap-default\">\n\t\t\t\t\t<div class=\"elementor-column elementor-col-100 elementor-top-column elementor-element elementor-element-e361ffb\" data-id=\"e361ffb\" data-element_type=\"column\" data-e-type=\"column\">\n\t\t\t<div class=\"elementor-widget-wrap elementor-element-populated\">\n\t\t\t\t\t\t<section class=\"elementor-section elementor-inner-section elementor-element elementor-element-97191c2 elementor-section-boxed elementor-section-height-default elementor-section-height-default\" data-id=\"97191c2\" data-element_type=\"section\" data-e-type=\"section\">\n\t\t\t\t\t\t<div class=\"elementor-container elementor-column-gap-default\">\n\t\t\t\t\t<div class=\"elementor-column elementor-col-50 elementor-inner-column elementor-element elementor-element-f2124b0\" data-id=\"f2124b0\" data-element_type=\"column\" data-e-type=\"column\">\n\t\t\t<div class=\"elementor-widget-wrap elementor-element-populated\">\n\t\t\t\t\t\t<div class=\"elementor-element elementor-element-d811f38 elementor-widget elementor-widget-heading\" data-id=\"d811f38\" data-element_type=\"widget\" data-e-type=\"widget\" data-widget_type=\"heading.default\">\n\t\t\t\t\t<h1 class=\"elementor-heading-title elementor-size-default\">SUNNA ES UNA PLATAFORMA DE GESTI\u00d3N DE ENTREGA DE SERVICIOS T\u00c9CNICOS A DISTANCIA<\/h1>\t\t\t\t<\/div>\n\t\t\t\t<div class=\"elementor-element elementor-element-99cc035 elementor-widget elementor-widget-text-editor\" data-id=\"99cc035\" data-element_type=\"widget\" data-e-type=\"widget\" data-widget_type=\"text-editor.default\">\n\t\t\t\t\t\t\t\t\t<p>que utiliza la realidad aumentada (AR) de Microsoft.<\/p>\t\t\t\t\t\t\t\t<\/div>\n\t\t\t\t<div class=\"elementor-element elementor-element-7d217bd elementor-widget__width-auto elementor-align-left elementor-widget elementor-widget-button\" data-id=\"7d217bd\" data-element_type=\"widget\" data-e-type=\"widget\" data-widget_type=\"button.default\">\n\t\t\t\t\t\t\t\t\t\t<a class=\"elementor-button elementor-button-link elementor-size-sm\" href=\"https:\/\/theproduxers.com\/es\/contact-us\/\">\n\t\t\t\t\t\t<span class=\"elementor-button-content-wrapper\">\n\t\t\t\t\t\t\t\t\t<span class=\"elementor-button-text\">Comienza con tu idea<\/span>\n\t\t\t\t\t<\/span>\n\t\t\t\t\t<\/a>\n\t\t\t\t\t\t\t\t<\/div>\n\t\t\t\t\t<\/div>\n\t\t<\/div>\n\t\t\t\t<div class=\"elementor-column elementor-col-50 elementor-inner-column elementor-element elementor-element-34318ae\" data-id=\"34318ae\" data-element_type=\"column\" data-e-type=\"column\">\n\t\t\t<div class=\"elementor-widget-wrap\">\n\t\t\t\t\t\t\t<\/div>\n\t\t<\/div>\n\t\t\t\t\t<\/div>\n\t\t<\/section>\n\t\t\t\t\t<\/div>\n\t\t<\/div>\n\t\t\t\t\t<\/div>\n\t\t<\/section>\n\t\t\t\t<section class=\"elementor-section elementor-top-section elementor-element elementor-element-7213d28 elementor-section-boxed elementor-section-height-default elementor-section-height-default\" data-id=\"7213d28\" data-element_type=\"section\" data-e-type=\"section\" id=\"sunna\" data-settings=\"{&quot;background_background&quot;:&quot;classic&quot;}\">\n\t\t\t\t\t\t<div class=\"elementor-container elementor-column-gap-default\">\n\t\t\t\t\t<div class=\"elementor-column elementor-col-100 elementor-top-column elementor-element elementor-element-921ca4a\" data-id=\"921ca4a\" data-element_type=\"column\" data-e-type=\"column\">\n\t\t\t<div class=\"elementor-widget-wrap elementor-element-populated\">\n\t\t\t\t\t\t<section class=\"elementor-section elementor-inner-section elementor-element elementor-element-ccefc04 elementor-section-content-middle elementor-section-boxed elementor-section-height-default elementor-section-height-default\" data-id=\"ccefc04\" data-element_type=\"section\" data-e-type=\"section\">\n\t\t\t\t\t\t<div class=\"elementor-container elementor-column-gap-default\">\n\t\t\t\t\t<div class=\"elementor-column elementor-col-50 elementor-inner-column elementor-element elementor-element-5bcfb42\" data-id=\"5bcfb42\" data-element_type=\"column\" data-e-type=\"column\">\n\t\t\t<div class=\"elementor-widget-wrap elementor-element-populated\">\n\t\t\t\t\t\t<div class=\"elementor-element elementor-element-c902cb8 elementor-hidden-desktop elementor-hidden-tablet elementor-widget elementor-widget-image\" data-id=\"c902cb8\" data-element_type=\"widget\" data-e-type=\"widget\" data-widget_type=\"image.default\">\n\t\t\t\t\t\t\t\t\t\t\t\t\t\t\t<img fetchpriority=\"high\" decoding=\"async\" width=\"545\" height=\"768\" src=\"https:\/\/theproduxers.com\/wp-content\/uploads\/2023\/03\/sunna-mockup-01.png\" class=\"attachment-large size-large wp-image-1211\" alt=\"\" srcset=\"https:\/\/theproduxers.com\/wp-content\/uploads\/2023\/03\/sunna-mockup-01.png 545w, https:\/\/theproduxers.com\/wp-content\/uploads\/2023\/03\/sunna-mockup-01-213x300.png 213w\" sizes=\"(max-width: 545px) 100vw, 545px\" \/>\t\t\t\t\t\t\t\t\t\t\t\t\t\t\t<\/div>\n\t\t\t\t<div class=\"elementor-element elementor-element-6861b7f elementor-widget elementor-widget-heading\" data-id=\"6861b7f\" data-element_type=\"widget\" data-e-type=\"widget\" data-widget_type=\"heading.default\">\n\t\t\t\t\t<h2 class=\"elementor-heading-title elementor-size-default\">EJEMPLO DE ESTUDIO DE CASO<\/h2>\t\t\t\t<\/div>\n\t\t\t\t<div class=\"elementor-element elementor-element-82840d9 elementor-widget-divider--view-line elementor-widget elementor-widget-divider\" data-id=\"82840d9\" data-element_type=\"widget\" data-e-type=\"widget\" data-widget_type=\"divider.default\">\n\t\t\t\t\t\t\t<div class=\"elementor-divider\">\n\t\t\t<span class=\"elementor-divider-separator\">\n\t\t\t\t\t\t<\/span>\n\t\t<\/div>\n\t\t\t\t\t\t<\/div>\n\t\t\t\t<div class=\"elementor-element elementor-element-d6f7208 elementor-widget elementor-widget-text-editor\" data-id=\"d6f7208\" data-element_type=\"widget\" data-e-type=\"widget\" data-widget_type=\"text-editor.default\">\n\t\t\t\t\t\t\t\t\t<p>Una empresa especializada en la fabricaci\u00f3n de maquinaria compleja enfrentaba dificultades para brindar soporte t\u00e9cnico a sus clientes, ya que se encontraban ubicados en diferentes partes del mundo.\u00a0<\/p><p>Con la tecnolog\u00eda AR de Sunna, pudieron brindar asistencia remota a sus clientes, lo que result\u00f3 en tiempos de resoluci\u00f3n m\u00e1s r\u00e1pidos y una mayor satisfacci\u00f3n del cliente.<\/p>\t\t\t\t\t\t\t\t<\/div>\n\t\t\t\t<div class=\"elementor-element elementor-element-b7e0da5 elementor-align-left elementor-widget__width-auto elementor-widget elementor-widget-button\" data-id=\"b7e0da5\" data-element_type=\"widget\" data-e-type=\"widget\" data-widget_type=\"button.default\">\n\t\t\t\t\t\t\t\t\t\t<a class=\"elementor-button elementor-button-link elementor-size-sm\" href=\"https:\/\/theproduxers.com\/es\/ux-design-and-optimization\/\">\n\t\t\t\t\t\t<span class=\"elementor-button-content-wrapper\">\n\t\t\t\t\t\t\t\t\t<span class=\"elementor-button-text\">M\u00e1s informaci\u00f3n sobre el proceso de dise\u00f1o<\/span>\n\t\t\t\t\t<\/span>\n\t\t\t\t\t<\/a>\n\t\t\t\t\t\t\t\t<\/div>\n\t\t\t\t\t<\/div>\n\t\t<\/div>\n\t\t\t\t<div class=\"elementor-column elementor-col-50 elementor-inner-column elementor-element elementor-element-6e5bb7c\" data-id=\"6e5bb7c\" data-element_type=\"column\" data-e-type=\"column\">\n\t\t\t<div class=\"elementor-widget-wrap elementor-element-populated\">\n\t\t\t\t\t\t<div class=\"elementor-element elementor-element-010bc57 elementor-widget elementor-widget-image\" data-id=\"010bc57\" data-element_type=\"widget\" data-e-type=\"widget\" data-widget_type=\"image.default\">\n\t\t\t\t\t\t\t\t\t\t\t\t\t\t\t<img decoding=\"async\" width=\"1088\" height=\"998\" src=\"https:\/\/theproduxers.com\/wp-content\/uploads\/2023\/03\/sunna-mockup-02.png\" class=\"attachment-full size-full wp-image-1198\" alt=\"\" srcset=\"https:\/\/theproduxers.com\/wp-content\/uploads\/2023\/03\/sunna-mockup-02.png 1088w, https:\/\/theproduxers.com\/wp-content\/uploads\/2023\/03\/sunna-mockup-02-600x550.png 600w, https:\/\/theproduxers.com\/wp-content\/uploads\/2023\/03\/sunna-mockup-02-300x275.png 300w, https:\/\/theproduxers.com\/wp-content\/uploads\/2023\/03\/sunna-mockup-02-1024x939.png 1024w, https:\/\/theproduxers.com\/wp-content\/uploads\/2023\/03\/sunna-mockup-02-768x704.png 768w\" sizes=\"(max-width: 1088px) 100vw, 1088px\" \/>\t\t\t\t\t\t\t\t\t\t\t\t\t\t\t<\/div>\n\t\t\t\t\t<\/div>\n\t\t<\/div>\n\t\t\t\t\t<\/div>\n\t\t<\/section>\n\t\t\t\t\t<\/div>\n\t\t<\/div>\n\t\t\t\t\t<\/div>\n\t\t<\/section>\n\t\t\t\t<section class=\"elementor-section elementor-top-section elementor-element elementor-element-e059d35 elementor-section-height-min-height elementor-section-boxed elementor-section-height-default elementor-section-items-middle\" data-id=\"e059d35\" data-element_type=\"section\" data-e-type=\"section\" data-settings=\"{&quot;background_background&quot;:&quot;classic&quot;}\">\n\t\t\t\t\t\t<div class=\"elementor-container elementor-column-gap-default\">\n\t\t\t\t\t<div class=\"elementor-column elementor-col-100 elementor-top-column elementor-element elementor-element-965954e\" data-id=\"965954e\" data-element_type=\"column\" data-e-type=\"column\">\n\t\t\t<div class=\"elementor-widget-wrap elementor-element-populated\">\n\t\t\t\t\t\t<section class=\"elementor-section elementor-inner-section elementor-element elementor-element-821973e elementor-section-content-middle elementor-section-boxed elementor-section-height-default elementor-section-height-default\" data-id=\"821973e\" data-element_type=\"section\" data-e-type=\"section\" data-settings=\"{&quot;background_background&quot;:&quot;classic&quot;}\">\n\t\t\t\t\t\t<div class=\"elementor-container elementor-column-gap-default\">\n\t\t\t\t\t<div class=\"elementor-column elementor-col-50 elementor-inner-column elementor-element elementor-element-9f96cec\" data-id=\"9f96cec\" data-element_type=\"column\" data-e-type=\"column\">\n\t\t\t<div class=\"elementor-widget-wrap\">\n\t\t\t\t\t\t\t<\/div>\n\t\t<\/div>\n\t\t\t\t<div class=\"elementor-column elementor-col-50 elementor-inner-column elementor-element elementor-element-7ee93ed\" data-id=\"7ee93ed\" data-element_type=\"column\" data-e-type=\"column\">\n\t\t\t<div class=\"elementor-widget-wrap elementor-element-populated\">\n\t\t\t\t\t\t<div class=\"elementor-element elementor-element-b5545e9 elementor-widget elementor-widget-heading\" data-id=\"b5545e9\" data-element_type=\"widget\" data-e-type=\"widget\" data-widget_type=\"heading.default\">\n\t\t\t\t\t<h2 class=\"elementor-heading-title elementor-size-default\">\u00bfEST\u00c1S BUSCANDO CREAR UN GRAN PRODUCTO DIGITAL NUEVO?<\/h2>\t\t\t\t<\/div>\n\t\t\t\t<div class=\"elementor-element elementor-element-49315d0 elementor-widget elementor-widget-text-editor\" data-id=\"49315d0\" data-element_type=\"widget\" data-e-type=\"widget\" data-widget_type=\"text-editor.default\">\n\t\t\t\t\t\t\t\t\t<p>\u00a1Ponte en contacto y comencemos a construir juntos el pr\u00f3ximo gran producto digital!<\/p>\t\t\t\t\t\t\t\t<\/div>\n\t\t\t\t<div class=\"elementor-element elementor-element-f62a52e elementor-widget-divider--view-line elementor-widget elementor-widget-divider\" data-id=\"f62a52e\" data-element_type=\"widget\" data-e-type=\"widget\" data-widget_type=\"divider.default\">\n\t\t\t\t\t\t\t<div class=\"elementor-divider\">\n\t\t\t<span class=\"elementor-divider-separator\">\n\t\t\t\t\t\t<\/span>\n\t\t<\/div>\n\t\t\t\t\t\t<\/div>\n\t\t\t\t<div class=\"elementor-element elementor-element-6946e0b elementor-align-left elementor-widget__width-auto elementor-widget elementor-widget-button\" data-id=\"6946e0b\" data-element_type=\"widget\" data-e-type=\"widget\" data-widget_type=\"button.default\">\n\t\t\t\t\t\t\t\t\t\t<a class=\"elementor-button elementor-button-link elementor-size-sm\" href=\"#elementor-action%3Aaction%3Dpopup%3Aopen%26settings%3DeyJpZCI6IjY1NyIsInRvZ2dsZSI6ZmFsc2V9\">\n\t\t\t\t\t\t<span class=\"elementor-button-content-wrapper\">\n\t\t\t\t\t\t\t\t\t<span class=\"elementor-button-text\">Estima tu proyecto<\/span>\n\t\t\t\t\t<\/span>\n\t\t\t\t\t<\/a>\n\t\t\t\t\t\t\t\t<\/div>\n\t\t\t\t\t<\/div>\n\t\t<\/div>\n\t\t\t\t\t<\/div>\n\t\t<\/section>\n\t\t\t\t\t<\/div>\n\t\t<\/div>\n\t\t\t\t\t<\/div>\n\t\t<\/section>\n\t\t\t\t<\/div>","protected":false},"excerpt":{"rendered":"<p>SUNNA IS A REMOTE TECHNICAL SERVICE DELIVERY MANAGEMENT PLATFORM that utilizes augmented reality (AR) from Microsoft. Start with your idea CASE STUDY EXAMPLE A company specializing in manufacturing complex machinery was facing difficulties in providing technical support to their customers, as they were located in different parts of the world.\u00a0 With Sunna&#8217;s AR technology, they [&hellip;]<\/p>\n","protected":false},"author":2,"featured_media":0,"parent":1073,"menu_order":0,"comment_status":"closed","ping_status":"closed","template":"","meta":{"_seopress_robots_primary_cat":"","_seopress_titles_title":"","_seopress_titles_desc":"","_seopress_robots_index":"","footnotes":""},"class_list":["post-1193","page","type-page","status-publish","hentry"],"_links":{"self":[{"href":"https:\/\/theproduxers.com\/es\/wp-json\/wp\/v2\/pages\/1193","targetHints":{"allow":["GET"]}}],"collection":[{"href":"https:\/\/theproduxers.com\/es\/wp-json\/wp\/v2\/pages"}],"about":[{"href":"https:\/\/theproduxers.com\/es\/wp-json\/wp\/v2\/types\/page"}],"author":[{"embeddable":true,"href":"https:\/\/theproduxers.com\/es\/wp-json\/wp\/v2\/users\/2"}],"replies":[{"embeddable":true,"href":"https:\/\/theproduxers.com\/es\/wp-json\/wp\/v2\/comments?post=1193"}],"version-history":[{"count":0,"href":"https:\/\/theproduxers.com\/es\/wp-json\/wp\/v2\/pages\/1193\/revisions"}],"up":[{"embeddable":true,"href":"https:\/\/theproduxers.com\/es\/wp-json\/wp\/v2\/pages\/1073"}],"wp:attachment":[{"href":"https:\/\/theproduxers.com\/es\/wp-json\/wp\/v2\/media?parent=1193"}],"curies":[{"name":"wp","href":"https:\/\/api.w.org\/{rel}","templated":true}]}}